{"id":60,"date":"2024-01-07T23:59:42","date_gmt":"2024-01-07T22:59:42","guid":{"rendered":"https:\/\/www.burgring.at\/?page_id=60"},"modified":"2025-03-27T12:23:29","modified_gmt":"2025-03-27T11:23:29","slug":"kontakt","status":"publish","type":"page","link":"https:\/\/www.burgring.at\/en\/kontakt\/","title":{"rendered":".BUREAU\u00a0"},"content":{"rendered":"<div id=\"cs-content\" class=\"cs-content\"><div class=\"x-section e60-e1 m1o-0\"><div class=\"x-bg\" aria-hidden=\"true\"><div class=\"x-bg-layer-lower-image\"><\/div><\/div><div class=\"x-row x-container max width e60-e2 m1o-1 m1o-2\"><div class=\"x-bg\" aria-hidden=\"true\"><div class=\"x-bg-layer-lower-color\" style=\" background-color: #ffffff;\"><\/div><\/div><div class=\"x-row-inner\"><div class=\"x-col e60-e3 m1o-3 m1o-4\"><div class=\"x-text x-text-headline e60-e4 m1o-6 m1o-7 m1o-8 m1o-9\"><div class=\"x-text-content\"><div class=\"x-text-content-text\"><h2 class=\"x-text-content-text-primary\">.kontakt<\/h2><\/div><\/div><\/div><hr class=\"x-line e60-e5 m1o-d m1o-e\"\/><div class=\"x-text x-text-headline has-graphic e60-e6 m1o-6 m1o-9 m1o-a m1o-b\"><div class=\"x-text-content\"><span class=\"x-graphic\" aria-hidden=\"true\"><i class=\"x-icon x-graphic-child x-graphic-icon x-graphic-primary\" aria-hidden=\"true\" data-x-icon-l=\"&#xf5a0;\"><\/i><\/span><div class=\"x-text-content-text\"><h1 class=\"x-text-content-text-primary\"><p>burgring1 GmbH<br \/>\nBurgring 1<br \/>\nA-1010 Wien<\/p><\/h1><\/div><\/div><\/div><hr class=\"x-line e60-e7 m1o-e m1o-f\"\/><div class=\"x-text x-text-headline has-graphic e60-e8 m1o-6 m1o-9 m1o-a m1o-b\"><div class=\"x-text-content\"><span class=\"x-graphic\" aria-hidden=\"true\"><i class=\"x-icon x-graphic-child x-graphic-icon x-graphic-primary\" aria-hidden=\"true\" data-x-icon-l=\"&#x40;\"><\/i><\/span><div class=\"x-text-content-text\"><h1 class=\"x-text-content-text-primary\">office@burgring.at<\/h1><\/div><\/div><\/div><hr class=\"x-line e60-e9 m1o-e m1o-f\"\/><div class=\"x-text x-text-headline has-graphic e60-e10 m1o-6 m1o-9 m1o-a m1o-b\"><div class=\"x-text-content\"><span class=\"x-graphic\" aria-hidden=\"true\"><i class=\"x-icon x-graphic-child x-graphic-icon x-graphic-primary\" aria-hidden=\"true\" data-x-icon-l=\"&#xf2a0;\"><\/i><\/span><div class=\"x-text-content-text\"><h1 class=\"x-text-content-text-primary\">0043 1 5811393<\/h1><\/div><\/div><\/div><hr class=\"x-line e60-e11 m1o-e m1o-g\"\/><\/div><div class=\"x-col e60-e12 m1o-4 m1o-5\"><div class=\"x-text x-text-headline e60-e13 m1o-6 m1o-8 m1o-b m1o-c\"><div class=\"x-text-content\"><div class=\"x-text-content-text\"><h2 class=\"x-text-content-text-primary\">Wir freuen uns auf Deine Nachricht!<\/h2><\/div><\/div><\/div><div class=\"x-text x-content e60-e14 m1o-i m1o-j\"><\/div><div class=\"x-text x-content e60-e15 m1o-i m1o-k\">\n<div class=\"wpcf7 no-js\" id=\"wpcf7-f210-o1\" lang=\"de-DE\" dir=\"ltr\" data-wpcf7-id=\"210\">\n<div class=\"screen-reader-response\"><p role=\"status\" aria-live=\"polite\" aria-atomic=\"true\"><\/p> <ul><\/ul><\/div>\n<form action=\"\/en\/wp-json\/wp\/v2\/pages\/60#wpcf7-f210-o1\" method=\"post\" class=\"wpcf7-form init\" aria-label=\"Kontaktformular\" novalidate=\"novalidate\" data-status=\"init\" data-trp-original-action=\"\/en\/wp-json\/wp\/v2\/pages\/60#wpcf7-f210-o1\">\n<fieldset class=\"hidden-fields-container\"><input type=\"hidden\" name=\"_wpcf7\" value=\"210\" \/><input type=\"hidden\" name=\"_wpcf7_version\" value=\"6.1.5\" \/><input type=\"hidden\" name=\"_wpcf7_locale\" value=\"de_DE\" \/><input type=\"hidden\" name=\"_wpcf7_unit_tag\" value=\"wpcf7-f210-o1\" \/><input type=\"hidden\" name=\"_wpcf7_container_post\" value=\"0\" \/><input type=\"hidden\" name=\"_wpcf7_posted_data_hash\" value=\"\" \/>\n<\/fieldset>\n<p><label> Ihr Name<br \/>\n<span class=\"wpcf7-form-control-wrap\" data-name=\"your-name\"><input size=\"40\" maxlength=\"400\" class=\"wpcf7-form-control wpcf7-text wpcf7-validates-as-required\" autocomplete=\"name\" aria-required=\"true\" aria-invalid=\"false\" value=\"\" type=\"text\" name=\"your-name\" \/><\/span> <\/label>\n<\/p>\n<p><label> Ihre E-Mail-Adresse<br \/>\n<span class=\"wpcf7-form-control-wrap\" data-name=\"your-email\"><input size=\"40\" maxlength=\"400\" class=\"wpcf7-form-control wpcf7-email wpcf7-validates-as-required wpcf7-text wpcf7-validates-as-email\" autocomplete=\"email\" aria-required=\"true\" aria-invalid=\"false\" value=\"\" type=\"email\" name=\"your-email\" \/><\/span> <\/label>\n<\/p>\n<p><label> Betreff<br \/>\n<span class=\"wpcf7-form-control-wrap\" data-name=\"your-subject\"><input size=\"40\" maxlength=\"400\" class=\"wpcf7-form-control wpcf7-text wpcf7-validates-as-required\" aria-required=\"true\" aria-invalid=\"false\" value=\"\" type=\"text\" name=\"your-subject\" \/><\/span> <\/label>\n<\/p>\n<p><label> Ihre Nachricht (optional)<br \/>\n<span class=\"wpcf7-form-control-wrap\" data-name=\"your-message\"><textarea cols=\"40\" rows=\"10\" maxlength=\"2000\" class=\"wpcf7-form-control wpcf7-textarea\" aria-invalid=\"false\" name=\"your-message\"><\/textarea><\/span> <\/label>\n<\/p>\n<p>Einwilligungserkl\u00e4rung:\n<\/p>\n<p><span class=\"wpcf7-form-control-wrap\" data-name=\"checkbox-341\"><span class=\"wpcf7-form-control wpcf7-checkbox wpcf7-validates-as-required\"><span class=\"wpcf7-list-item first last\"><input type=\"checkbox\" name=\"checkbox-341[]\" value=\"&nbsp;\" \/><span class=\"wpcf7-list-item-label\">&nbsp;<\/span><\/span><\/span><\/span> Ich habe die <a class=\"form7-link\" href=\"https:\/\/www.burgring.at\/datenschutz\/\">Datenschutzerkl\u00e4rung<\/a> der burgring1 GmbH zur Kenntnis genommen und verstanden. Ich stimme zu, dass die von mir \u00fcbermittelten Daten zur Kontaktaufnahme und f\u00fcr R\u00fcckfragen dauerhaft gespeichert werden. Ich wei\u00df, dass ich meine Einwilligung jederzeit mit Wirkung f\u00fcr die Zukunft widerrufen kann.\n<\/p>\n<p><input class=\"wpcf7-form-control wpcf7-submit has-spinner\" type=\"submit\" value=\"Senden\" \/>\n<\/p><input type=\"hidden\" id=\"ct_checkjs_cf7_959a557f5f6beb411fd954f3f34b21c3\" name=\"ct_checkjs_cf7\" value=\"0\" \/><script >setTimeout(function(){var ct_input_name = \"ct_checkjs_cf7_959a557f5f6beb411fd954f3f34b21c3\";if (document.getElementById(ct_input_name) !== null) {var ct_input_value = document.getElementById(ct_input_name).value;document.getElementById(ct_input_name).value = document.getElementById(ct_input_name).value.replace(ct_input_value, '1309547543');}}, 1000);<\/script><input\n                    class=\"apbct_special_field apbct_email_id__wp_contact_form_7\"\n                    name=\"apbct__email_id__wp_contact_form_7\"\n                    aria-label=\"apbct__label_id__wp_contact_form_7\"\n                    type=\"text\" size=\"30\" maxlength=\"200\" autocomplete=\"off\"\n                    value=\"\"\n                \/><input type='hidden' class='wpcf7-pum' value='{\"closepopup\":false,\"closedelay\":0,\"openpopup\":false,\"openpopup_id\":0}' \/><div class=\"wpcf7-response-output\" aria-hidden=\"true\"><\/div>\n<input type=\"hidden\" name=\"trp-form-language\" value=\"en\"\/><\/form>\n<\/div>\n<\/div><hr class=\"x-line e60-e16 m1o-e m1o-h\"\/><hr class=\"x-line e60-e17 m1o-e m1o-h\"\/><\/div><\/div><\/div><\/div><\/div>","protected":false},"excerpt":{"rendered":"<p>.kontaktburgring1 GmbH Burgring 1 A-1010 Wienoffice@burgring.at0043 1 5811393Wir freuen uns auf Deine Nachricht! Ihr Name Ihre E-Mail-Adresse Betreff Ihre Nachricht (optional) Einwilligungserkl\u00e4rung: &nbsp; Ich habe die Datenschutzerkl\u00e4rung der burgring1 GmbH zur Kenntnis genommen und verstanden. Ich stimme zu, dass die von mir \u00fcbermittelten Daten zur Kontaktaufnahme und f\u00fcr R\u00fcckfragen dauerhaft gespeichert werden. Ich wei\u00df, dass ich meine Einwilligung jederzeit mit &#8230; <\/p>\n<div><a href=\"https:\/\/www.burgring.at\/en\/kontakt\/\" class=\"more-link\">Read More<\/a><\/div>","protected":false},"author":6,"featured_media":0,"parent":0,"menu_order":0,"comment_status":"closed","ping_status":"closed","template":"template-blank-4.php","meta":{"footnotes":""},"class_list":["post-60","page","type-page","status-publish","hentry","no-post-thumbnail"],"_links":{"self":[{"href":"https:\/\/www.burgring.at\/en\/wp-json\/wp\/v2\/pages\/60","targetHints":{"allow":["GET"]}}],"collection":[{"href":"https:\/\/www.burgring.at\/en\/wp-json\/wp\/v2\/pages"}],"about":[{"href":"https:\/\/www.burgring.at\/en\/wp-json\/wp\/v2\/types\/page"}],"author":[{"embeddable":true,"href":"https:\/\/www.burgring.at\/en\/wp-json\/wp\/v2\/users\/6"}],"replies":[{"embeddable":true,"href":"https:\/\/www.burgring.at\/en\/wp-json\/wp\/v2\/comments?post=60"}],"version-history":[{"count":10,"href":"https:\/\/www.burgring.at\/en\/wp-json\/wp\/v2\/pages\/60\/revisions"}],"predecessor-version":[{"id":1094,"href":"https:\/\/www.burgring.at\/en\/wp-json\/wp\/v2\/pages\/60\/revisions\/1094"}],"wp:attachment":[{"href":"https:\/\/www.burgring.at\/en\/wp-json\/wp\/v2\/media?parent=60"}],"curies":[{"name":"wp","href":"https:\/\/api.w.org\/{rel}","templated":true}]}}